{"id":9400,"date":"2017-06-21T08:08:52","date_gmt":"2017-06-21T15:08:52","guid":{"rendered":"https:\/\/greenlaxy.com\/san-pham-yeu-thich\/"},"modified":"2017-06-21T08:08:52","modified_gmt":"2017-06-21T15:08:52","slug":"san-pham-yeu-thich","status":"publish","type":"page","link":"https:\/\/greenlaxy.com\/vi\/san-pham-yeu-thich\/","title":{"rendered":"S\u1ea3n ph\u1ea9m y\u00eau th\u00edch"},"content":{"rendered":"<p>[woodmart_wishlist]<\/p>\n","protected":false},"excerpt":{"rendered":"<p>[woodmart_wishlist]<\/p>\n","protected":false},"author":1,"featured_media":0,"parent":0,"menu_order":0,"comment_status":"closed","ping_status":"closed","template":"","meta":{"_monsterinsights_skip_tracking":false,"_monsterinsights_sitenote_active":false,"_monsterinsights_sitenote_note":"","_monsterinsights_sitenote_category":0,"footnotes":""},"class_list":["post-9400","page","type-page","status-publish","hentry"],"yoast_head":"<!-- This site is optimized with the Yoast SEO Premium plugin v21.2 (Yoast SEO v22.6) - https:\/\/yoast.com\/wordpress\/plugins\/seo\/ -->\n<title>S\u1ea3n ph\u1ea9m y\u00eau th\u00edch - Thi\u00ean h\u00e0 th\u1ef1c ph\u1ea9m xanh<\/title>\n<meta name=\"robots\" content=\"index, follow, max-snippet:-1, max-image-preview:large, max-video-preview:-1\" \/>\n<link rel=\"canonical\" href=\"https:\/\/greenlaxy.com\/vi\/san-pham-yeu-thich\/\" \/>\n<meta property=\"og:locale\" content=\"vi_VN\" \/>\n<meta property=\"og:type\" content=\"article\" \/>\n<meta property=\"og:title\" content=\"S\u1ea3n ph\u1ea9m y\u00eau th\u00edch\" \/>\n<meta property=\"og:description\" content=\"[woodmart_wishlist]\" \/>\n<meta property=\"og:url\" content=\"https:\/\/greenlaxy.com\/vi\/san-pham-yeu-thich\/\" \/>\n<meta property=\"og:site_name\" content=\"Thi\u00ean h\u00e0 th\u1ef1c ph\u1ea9m xanh\" \/>\n<meta property=\"article:publisher\" content=\"https:\/\/www.facebook.com\/Greenlaxy\" \/>\n<meta property=\"og:image\" content=\"https:\/\/greenlaxy.com\/wp-content\/uploads\/2022\/09\/greenlaxy-fb-cover.jpg\" \/>\n\t<meta property=\"og:image:width\" content=\"1640\" \/>\n\t<meta property=\"og:image:height\" content=\"624\" \/>\n\t<meta property=\"og:image:type\" content=\"image\/jpeg\" \/>\n<meta name=\"twitter:card\" content=\"summary_large_image\" \/>\n<script type=\"application\/ld+json\" class=\"yoast-schema-graph\">{\"@context\":\"https:\/\/schema.org\",\"@graph\":[{\"@type\":\"WebPage\",\"@id\":\"https:\/\/greenlaxy.com\/vi\/san-pham-yeu-thich\/\",\"url\":\"https:\/\/greenlaxy.com\/vi\/san-pham-yeu-thich\/\",\"name\":\"S\u1ea3n ph\u1ea9m y\u00eau th\u00edch - Thi\u00ean h\u00e0 th\u1ef1c ph\u1ea9m xanh\",\"isPartOf\":{\"@id\":\"https:\/\/greenlaxy.com\/vi\/#website\"},\"datePublished\":\"2017-06-21T15:08:52+00:00\",\"dateModified\":\"2017-06-21T15:08:52+00:00\",\"breadcrumb\":{\"@id\":\"https:\/\/greenlaxy.com\/vi\/san-pham-yeu-thich\/#breadcrumb\"},\"inLanguage\":\"vi-VN\",\"potentialAction\":[{\"@type\":\"ReadAction\",\"target\":[\"https:\/\/greenlaxy.com\/vi\/san-pham-yeu-thich\/\"]}]},{\"@type\":\"BreadcrumbList\",\"@id\":\"https:\/\/greenlaxy.com\/vi\/san-pham-yeu-thich\/#breadcrumb\",\"itemListElement\":[{\"@type\":\"ListItem\",\"position\":1,\"name\":\"Home\",\"item\":\"https:\/\/greenlaxy.com\/vi\/trang-chu\/\"},{\"@type\":\"ListItem\",\"position\":2,\"name\":\"S\u1ea3n ph\u1ea9m y\u00eau th\u00edch\"}]},{\"@type\":\"WebSite\",\"@id\":\"https:\/\/greenlaxy.com\/vi\/#website\",\"url\":\"https:\/\/greenlaxy.com\/vi\/\",\"name\":\"Thi\u00ean h\u00e0 th\u1ef1c ph\u1ea9m xanh\",\"description\":\"Mua s\u1eafm c\u00e1c lo\u1ea1i th\u1ef1c ph\u1ea9m l\u00e0nh m\u1ea1nh, dinh d\u01b0\u1ee1ng, \u0103n ki\u00eang, xanh t\u1ed1t nh\u1ea5t trong khu v\u1ef1c c\u1ee7a b\u1ea1n. Chuy\u1ec3n ph\u00e1t nhanh.\",\"publisher\":{\"@id\":\"https:\/\/greenlaxy.com\/vi\/#organization\"},\"potentialAction\":[{\"@type\":\"SearchAction\",\"target\":{\"@type\":\"EntryPoint\",\"urlTemplate\":\"https:\/\/greenlaxy.com\/vi\/?s={search_term_string}\"},\"query-input\":\"required name=search_term_string\"}],\"inLanguage\":\"vi-VN\"},{\"@type\":\"Organization\",\"@id\":\"https:\/\/greenlaxy.com\/vi\/#organization\",\"name\":\"Thi\u00ean h\u00e0 th\u1ef1c ph\u1ea9m xanh\",\"url\":\"https:\/\/greenlaxy.com\/vi\/\",\"logo\":{\"@type\":\"ImageObject\",\"inLanguage\":\"vi-VN\",\"@id\":\"https:\/\/greenlaxy.com\/vi\/#\/schema\/logo\/image\/\",\"url\":\"https:\/\/greenlaxy.com\/wp-content\/uploads\/2022\/10\/Greenlaxy.jpg\",\"contentUrl\":\"https:\/\/greenlaxy.com\/wp-content\/uploads\/2022\/10\/Greenlaxy.jpg\",\"width\":1381,\"height\":384,\"caption\":\"Thi\u00ean h\u00e0 th\u1ef1c ph\u1ea9m xanh\"},\"image\":{\"@id\":\"https:\/\/greenlaxy.com\/vi\/#\/schema\/logo\/image\/\"},\"sameAs\":[\"https:\/\/www.facebook.com\/Greenlaxy\"]}]}<\/script>\n<!-- \/ Yoast SEO Premium plugin. -->","yoast_head_json":{"title":"S\u1ea3n ph\u1ea9m y\u00eau th\u00edch - Thi\u00ean h\u00e0 th\u1ef1c ph\u1ea9m xanh","robots":{"index":"index","follow":"follow","max-snippet":"max-snippet:-1","max-image-preview":"max-image-preview:large","max-video-preview":"max-video-preview:-1"},"canonical":"https:\/\/greenlaxy.com\/vi\/san-pham-yeu-thich\/","og_locale":"vi_VN","og_type":"article","og_title":"S\u1ea3n ph\u1ea9m y\u00eau th\u00edch","og_description":"[woodmart_wishlist]","og_url":"https:\/\/greenlaxy.com\/vi\/san-pham-yeu-thich\/","og_site_name":"Thi\u00ean h\u00e0 th\u1ef1c ph\u1ea9m xanh","article_publisher":"https:\/\/www.facebook.com\/Greenlaxy","og_image":[{"width":1640,"height":624,"url":"https:\/\/greenlaxy.com\/wp-content\/uploads\/2022\/09\/greenlaxy-fb-cover.jpg","type":"image\/jpeg"}],"twitter_card":"summary_large_image","schema":{"@context":"https:\/\/schema.org","@graph":[{"@type":"WebPage","@id":"https:\/\/greenlaxy.com\/vi\/san-pham-yeu-thich\/","url":"https:\/\/greenlaxy.com\/vi\/san-pham-yeu-thich\/","name":"S\u1ea3n ph\u1ea9m y\u00eau th\u00edch - Thi\u00ean h\u00e0 th\u1ef1c ph\u1ea9m xanh","isPartOf":{"@id":"https:\/\/greenlaxy.com\/vi\/#website"},"datePublished":"2017-06-21T15:08:52+00:00","dateModified":"2017-06-21T15:08:52+00:00","breadcrumb":{"@id":"https:\/\/greenlaxy.com\/vi\/san-pham-yeu-thich\/#breadcrumb"},"inLanguage":"vi-VN","potentialAction":[{"@type":"ReadAction","target":["https:\/\/greenlaxy.com\/vi\/san-pham-yeu-thich\/"]}]},{"@type":"BreadcrumbList","@id":"https:\/\/greenlaxy.com\/vi\/san-pham-yeu-thich\/#breadcrumb","itemListElement":[{"@type":"ListItem","position":1,"name":"Home","item":"https:\/\/greenlaxy.com\/vi\/trang-chu\/"},{"@type":"ListItem","position":2,"name":"S\u1ea3n ph\u1ea9m y\u00eau th\u00edch"}]},{"@type":"WebSite","@id":"https:\/\/greenlaxy.com\/vi\/#website","url":"https:\/\/greenlaxy.com\/vi\/","name":"Thi\u00ean h\u00e0 th\u1ef1c ph\u1ea9m xanh","description":"Mua s\u1eafm c\u00e1c lo\u1ea1i th\u1ef1c ph\u1ea9m l\u00e0nh m\u1ea1nh, dinh d\u01b0\u1ee1ng, \u0103n ki\u00eang, xanh t\u1ed1t nh\u1ea5t trong khu v\u1ef1c c\u1ee7a b\u1ea1n. Chuy\u1ec3n ph\u00e1t nhanh.","publisher":{"@id":"https:\/\/greenlaxy.com\/vi\/#organization"},"potentialAction":[{"@type":"SearchAction","target":{"@type":"EntryPoint","urlTemplate":"https:\/\/greenlaxy.com\/vi\/?s={search_term_string}"},"query-input":"required name=search_term_string"}],"inLanguage":"vi-VN"},{"@type":"Organization","@id":"https:\/\/greenlaxy.com\/vi\/#organization","name":"Thi\u00ean h\u00e0 th\u1ef1c ph\u1ea9m xanh","url":"https:\/\/greenlaxy.com\/vi\/","logo":{"@type":"ImageObject","inLanguage":"vi-VN","@id":"https:\/\/greenlaxy.com\/vi\/#\/schema\/logo\/image\/","url":"https:\/\/greenlaxy.com\/wp-content\/uploads\/2022\/10\/Greenlaxy.jpg","contentUrl":"https:\/\/greenlaxy.com\/wp-content\/uploads\/2022\/10\/Greenlaxy.jpg","width":1381,"height":384,"caption":"Thi\u00ean h\u00e0 th\u1ef1c ph\u1ea9m xanh"},"image":{"@id":"https:\/\/greenlaxy.com\/vi\/#\/schema\/logo\/image\/"},"sameAs":["https:\/\/www.facebook.com\/Greenlaxy"]}]}},"_links":{"self":[{"href":"https:\/\/greenlaxy.com\/vi\/wp-json\/wp\/v2\/pages\/9400","targetHints":{"allow":["GET"]}}],"collection":[{"href":"https:\/\/greenlaxy.com\/vi\/wp-json\/wp\/v2\/pages"}],"about":[{"href":"https:\/\/greenlaxy.com\/vi\/wp-json\/wp\/v2\/types\/page"}],"author":[{"embeddable":true,"href":"https:\/\/greenlaxy.com\/vi\/wp-json\/wp\/v2\/users\/1"}],"replies":[{"embeddable":true,"href":"https:\/\/greenlaxy.com\/vi\/wp-json\/wp\/v2\/comments?post=9400"}],"version-history":[{"count":0,"href":"https:\/\/greenlaxy.com\/vi\/wp-json\/wp\/v2\/pages\/9400\/revisions"}],"wp:attachment":[{"href":"https:\/\/greenlaxy.com\/vi\/wp-json\/wp\/v2\/media?parent=9400"}],"curies":[{"name":"wp","href":"https:\/\/api.w.org\/{rel}","templated":true}]}}